{"id":6,"date":"2020-12-09T17:05:43","date_gmt":"2020-12-09T17:05:43","guid":{"rendered":"http:\/\/soaw-cw.azurewebsites.net\/?page_id=6"},"modified":"2020-12-18T16:00:26","modified_gmt":"2020-12-18T16:00:26","slug":"home","status":"publish","type":"page","link":"https:\/\/www.soaw.cw\/","title":{"rendered":"Home"},"content":{"rendered":"<p>[vc_row wrap_container=&#8221;yes&#8221; is_section=&#8221;yes&#8221; section_skin=&#8221;parallax&#8221; remove_margin_top=&#8221;yes&#8221; remove_border=&#8221;yes&#8221;][vc_column][vc_tta_tabs style=&#8221;modern&#8221; shape=&#8221;square&#8221; color=&#8221;pink&#8221; spacing=&#8221;35&#8243; gap=&#8221;35&#8243; alignment=&#8221;center&#8221; active_section=&#8221;1&#8243;][vc_tta_section title=&#8221;Informashon General&#8221; tab_id=&#8221;1606567048633-b9f23a8a-7c9c&#8221;][vc_row_inner][vc_column_inner width=&#8221;1\/2&#8243;][vc_column_text]<\/p>\n<h3><strong><span style=\"color: #993366;\">Informashon General<\/span><\/strong><\/h3>\n<p>Kosnan no a bai manera bo a planea anto bo mester di yudansa finansiero temporalmente? Gobi\u00e8rnu di K\u00f2rosu ta ofres\u00e9 diferente tipo di sosten. Un di nan ta \u00f2nderstant. Un sosten den forma di s\u00e8n pa yuda bo kubri algun di bo gastunan b\u00e1siko. Bo mes por yena bo petishon pa \u00f2nderstant. Kon bo ta hasi esei, bo por lesa aki bou.[\/vc_column_text]<div class=\"porto-toggles wpb_content_element \">[vc_toggle title=&#8221;Proseso di aplikashon&#8221;]Gobi\u00e8rnu lo evalu\u00e1 usando kondishonnan mar\u00e1 den lei i bo dokumentonan di prueba pa wak si bo ta bini na remarke pa \u00f2nderstant .<\/p>\n<p>Anteriormente bo mester a bishit\u00e1 bo Kas di Bario pa hasi un petishon pa \u00f2nderstant. Awor esaki ta sosode &#8216;online&#8217;. Pa bo hasi bo petishon &#8216;online&#8217; bo mester tin un e-mail adr\u00e8s. Wak e video aki pa mas informashon i lesa e informashon riba e w\u00e8psait bon prom\u00e9 ku bo kuminsa ku bo aplikashon.[\/vc_toggle][vc_toggle title=&#8221;Kondishonnan&#8221;]Pa bo bini na remarke pa \u00f2nderstant tin algun kondishon ku bo mester kumpli kune. Bo por lesa e kondishonan den mas\u00a0detaye <a href=\"#1606567276520-3d7048af-b55f\">aki<\/a>.[\/vc_toggle][vc_toggle title=&#8221;Dokumentonan reker\u00ed&#8221;]Komo parti di e proseso di aplikashon pa \u00f2nderstant, Gobi\u00e8rnu di K\u00f2rsou ta reker\u00ed algun dokumento personal di bo. <a href=\"#1606567275219-aa5c763f-2728\">Klek aki<\/a> pa sa kua nan ta.[\/vc_toggle][vc_toggle title=&#8221;Aplika aki&#8221;]Bo tin un e-mail adr\u00e8s personal, bo ta bini na remarke segun e kondishonnan stipul\u00e1 i bo tin tur dokumento na man, klek aki pa bo kuminsa ku e proseso di petishon &#8216;online&#8217;.[\/vc_toggle][vc_toggle title=&#8221;Servisio &amp; kontakto&#8221;]Bo no a ha\u00f1a e kontesta riba bo pregunta?<br \/>\nNos tei pa yuda! <a href=\"http:\/\/soaw-cw.azurewebsites.net\/?page_id=533\">Klek aki<\/a>.[\/vc_toggle]<\/div>[\/vc_column_inner][vc_column_inner width=&#8221;1\/2&#8243;][vc_single_image image=&#8221;2476&#8243; img_size=&#8221;full&#8221; alignment=&#8221;center&#8221;][\/vc_column_inner][\/vc_row_inner][\/vc_tta_section][vc_tta_section title=&#8221;Proseso di aplikashon&#8221; tab_id=&#8221;1606567048678-492a6852-fcf3&#8243;][vc_row_inner][vc_column_inner width=&#8221;1\/2&#8243;][vc_column_text]<\/p>\n<h3><strong><span style=\"color: #993366;\">Proseso di Aplikashon<\/span><\/strong><\/h3>\n<p>Na momentu ku bo entreg\u00e1 bo petishon pa \u00f2nderstant e Kas di Bario konsern\u00ed di Sektor di Desaroyo Sosial lo evalu\u00e1 bo petishon i duna un kontesta.<br \/>\nP&#8217;esei ta importante pa bo yena i kontrol\u00e1 tur datos i dokumento reker\u00ed prom\u00e9 ku bo entreg\u00e1 bo petishon.<br \/>\nProm\u00e9 ku bo por entreg\u00e1 un aplikashon bo mester krea u kuenta di MiSOAW. Pa esaki bo mester tin un e-mail adr\u00e8s. Tuma nota: mes un e-mail adr\u00e8s no por registr\u00e1 pa mas ku un persona.[\/vc_column_text][vc_toggle title=&#8221;Kondishonnan&#8221;]Pa bo bini na remarke pa \u00f2nderstant tin algun kondishon ku bo mester kumpli kune. Bo por lesa e kondishonan den mas\u00a0detaye <a href=\"#1606567276520-3d7048af-b55f\">aki<\/a>.[\/vc_toggle][vc_toggle title=&#8221;Dokumentonan reker\u00ed&#8221;]Komo parti di e proseso di aplikashon pa \u00f2nderstant, Gobi\u00e8rnu di K\u00f2rsou ta reker\u00ed algun dokumento personal di bo. <a href=\"#1606567275219-aa5c763f-2728\">Klek aki<\/a> pa sa kua nan ta.[\/vc_toggle][vc_toggle title=&#8221;Aplika aki&#8221;]Bo tin un e-mail adr\u00e8s personal, bo ta bini na remarke segun e kondishonnan stipul\u00e1 i bo tin tur dokumento na man, klek aki pa bo kuminsa ku e proseso di petishon &#8216;online&#8217;.[\/vc_toggle][vc_toggle title=&#8221;Servisio &amp; kontakto&#8221;]Bo no a ha\u00f1a e kontesta riba bo pregunta?<br \/>\nNos tei pa yuda! <a href=\"http:\/\/soaw-cw.azurewebsites.net\/?page_id=533\">Klek aki<\/a>.[\/vc_toggle][\/vc_column_inner][vc_column_inner width=&#8221;1\/2&#8243;][vc_single_image image=&#8221;3342&#8243; img_size=&#8221;full&#8221; alignment=&#8221;center&#8221;][\/vc_column_inner][\/vc_row_inner][\/vc_tta_section][vc_tta_section title=&#8221;Kondishonnan&#8221; tab_id=&#8221;1606567276520-3d7048af-b55f&#8221;][vc_row_inner][vc_column_inner width=&#8221;1\/2&#8243;][vc_column_text]<\/p>\n<h3><strong><span style=\"color: #993366;\">Kondishonnan<\/span><\/strong><\/h3>\n<p>Bo ke hasi un petishon pa \u00f2nderstant serka Sektor di Desaroyo Sosial? Na e petishon pa \u00f2nderstant tin algun kondishon mar\u00e1.<br \/>\nLesa aki bou pa mas detaye tokante di e kondishonnan.[\/vc_column_text][vc_toggle title=&#8221;Kondishon pa residente Hulandes&#8221;]Bo tin 18 a\u00f1a of mas di edat anto bo ta un residente Hulandes riba kual e lei di Atmishon i Ekspulshon no ta aplikabel? Dor di e situashon ku bo ta aden (\u00f2f por kai aden) bo no tin e manera di yega na sen pa kubri gastunan primario pa biba? \u00d2f dor di bo limitashon f\u00edsiko\/mental un spesialista m\u00e9diko independiente a deklar\u00e1 ku bo no apto pa traha?<br \/>\nSi bo kontestanan ta si, e orei bo por bini na remarke pa \u00f2nderstant.<\/p>\n<p>Bo tin 65 a\u00f1a of mas? E orei kisas bo tin derechi riba AOV-toelage. Den e kaso aki, tuma kontakto ku bo Kas di Bario.<br \/>\nBo tin mas pregunta? <a href=\"#\">Klek aki<\/a> i selekt\u00e1 e n\u00f2mber di e zona mas serka di bo bario den e lista i wak e informashon di kontakto di bo Kas di Bario apares\u00e9.[\/vc_toggle][vc_toggle title=&#8221;Kondishon pa residente ekstranhero&#8221;]Bo ta un ekstranhero mayor di edat riba kual e lei di Atmishon i Ekspulshon ta aplikabel, pero ku tin un p\u00e8rmit di estadia segun e mes un lei i ta residensi\u00e1 na K\u00f2rsou? Si e kontestanan ta si, e orei bo por bini na remarke pa \u00f2nderstant.[\/vc_toggle][vc_toggle title=&#8221;Aplika aki&#8221;]Bo tin un e-mail adr\u00e8s personal, bo ta bini na remarke segun e kondishonnan stipul\u00e1 i bo tin tur dokumento na man, <a href=\"#\">klek aki<\/a> pa bo kuminsa ku bo petishon &#8216;online&#8217;.[\/vc_toggle][vc_toggle title=&#8221;Servisio &amp; kontakto&#8221;]Bo no a ha\u00f1a e kontesta riba bo pregunta?<br \/>\nNos tei pa yuda! <a href=\"http:\/\/soaw-cw.azurewebsites.net\/?page_id=533\">Klek aki<\/a>.[\/vc_toggle][\/vc_column_inner][vc_column_inner width=&#8221;1\/2&#8243;][vc_single_image image=&#8221;3376&#8243; img_size=&#8221;full&#8221;][\/vc_column_inner][\/vc_row_inner][\/vc_tta_section][vc_tta_section title=&#8221;Dokumentonan reker\u00ed&#8221; tab_id=&#8221;1606567275219-aa5c763f-2728&#8243;][vc_row_inner][vc_column_inner width=&#8221;1\/2&#8243;][vc_column_text]<\/p>\n<h3><strong><span style=\"color: #993366;\">Dokumentonan reker\u00ed<\/span><\/strong><\/h3>\n<p>Durante di e proseso di petishon pa \u00f2nderstant bo mester tin algun dokumento di prueba na man pa &#8216;upload&#8217;.<\/p>\n<p>Aki &#8216;bou bo por mira e lista di dokumentonan reker\u00ed. Tuma nota ku lo bo mester saka un potr\u00e8t of \u2018scan\u2019 tur dokumento reker\u00ed. Esakinan mester ta bon visibel prom\u00e9 ku bo \u2018upload\u2019 nan pa komplet\u00e1 e proseso di aplikashon &#8216;online&#8217;. Ta importante pa tur dokumento ku bo entreg\u00e1 ta aktualis\u00e1, ku otro palabra, dokumentonan ku un fecha di vensementu, no por ta vens\u00ed.<\/p>\n<p>Tuma nota: No ta tur dokumento aki &#8216;bou ta obligatorio pa tur persona. Esaki ta diferente pa kada persona, pues lesa esaki prom\u00e9 bo kuminsa ku bo petishon.<\/p>\n<p>S\u00f2ru pa bo tin tur dokumento na man prom\u00e9 bo ku kuminsa yena e formulario di petishon.[\/vc_column_text]<div class=\"porto-toggles wpb_content_element \"><\/div>[\/vc_column_inner][vc_column_inner width=&#8221;1\/2&#8243;][vc_single_image image=&#8221;3370&#8243; img_size=&#8221;full&#8221;][\/vc_column_inner][vc_column_inner][vc_toggle title=&#8221;1. S\u00e9dula&#8221;]Un di e dokumentonan reker\u00ed ta un s\u00e9dula b\u00e1lido . S\u00e9dula ta e dokumento ofisial di identifikashon na K\u00f2rsou i e ta prueba ku bo ta residente di K\u00f2rsou.<\/p>\n<p><strong>Unda mi por buska e dokumento aki?<\/strong><\/p>\n<p>Departamento di Asuntu P\u00fabliko ta registr\u00e1 susesonan di bida (nasementu, fayesimentu, matrimonio, divorsio, rekonosimentu) den registronan sivil.<br \/>\nBishit\u00e1 e <a href=\"https:\/\/loketdigital.gobiernu.cw\/Loket\/product\/0bb9cf3b387ebe8b677b4a944aeea979\">lenk aki<\/a> pa mas informashon tokante di un s\u00e9dula.<\/p>\n<p>Bishit\u00e1 e Lok\u00e8t Digital di Gobi\u00e8rnu pa traha bo sita pa saka un s\u00e9dula. <a href=\"https:\/\/sita.gobiernu.cw\/\" target=\"_blank\" rel=\"noopener noreferrer\">Klek aki<\/a>.[\/vc_toggle][vc_toggle title=&#8221;2. P\u00e8rmit di estadia&#8221;]Bo no tin nashonalidat hulandes? Den e kaso aki bo mester tin un prueba di estadia b\u00e1lido prom\u00e9 ku bo por bini na remarke pa \u00f2nderstant.<\/p>\n<p><strong>Unda mi por buska e dokumento aki?<\/strong><\/p>\n<p>Prueba di estadia ta un produkto di Servisio di Atmishon (Immigrashon) di Ministerio di Hustisia. Pa mas informashon klek riba e <a href=\"https:\/\/www.immigrationcur.org\/\" target=\"_blank\" rel=\"noopener noreferrer\">lenk aki<\/a>.[\/vc_toggle][vc_toggle title=&#8221;3. Akto di matrimonio \u00f2f buki di Matrimonio&#8221;]Den e kaso ku bo ta kas\u00e1, bo mester entreg\u00e1 un prueba di esaki den forma di un akto of buki di martimonio. Si bo tin un buki di matrimonio, &#8216;scan&#8217; \u00f2f saka potr\u00e8t i entreg\u00e1 e paginanan relevante di e buki.<\/p>\n<p><strong>Unda mi por buska e dokumento aki?<\/strong><\/p>\n<p>Departamento di Asuntu P\u00fabliko ta registr\u00e1 susesonan di bida (nasementu, fayesimentu, matrimonio, divorsio, rekonosimentu) den registronan sivil.<br \/>\nBishit\u00e1 e <a href=\"https:\/\/loketdigital.gobiernu.cw\/Loket\/product\/17647edc1b88f006f25e57264ac57a32\" target=\"_blank\" rel=\"noopener noreferrer\">lenk aki<\/a> pa mas informashon tokante di un akto di matrimonio.[\/vc_toggle][vc_toggle title=&#8221;4. Akto di fayesementu di bo kasa&#8221;]Den e kaso ku bo kas\u00e1 a fayese, bo mester entreg\u00e1 un prueba di esaki den forma di un akto di fayesementu.<\/p>\n<p><strong>Unda mi por buska e dokumento aki?<\/strong><\/p>\n<p>Departamento di Asuntu P\u00fabliko ta registr\u00e1 susesonan di bida (nasementu, fayesimentu, matrimonio, divorsio, rekonosimentu) den registronan sivil.<br \/>\nBishit\u00e1 e <a href=\"https:\/\/loketdigital.gobiernu.cw\/Loket\/product\/17647edc1b88f006f25e57264ac57a32\" target=\"_blank\" rel=\"noopener noreferrer\">lenk aki<\/a> pa mas informashon tokante di un akto di fayesementu.[\/vc_toggle][vc_toggle title=&#8221;5. Akto di nasementu di bo yu(nan) \u00f2f buki di famia&#8221;]Den kaso ku bo tin un of mas yu menor di edat, bo mester entreg\u00e1 prueba di esaki den forma di un akto di nasementu di bo yu(nan) of un buki di famia. Si bo tin un buki di famia, bo mester entrag\u00e1 un kopia di e pagina(nan) relevante di e buki di famia.<\/p>\n<p><strong>Unda mi por buska e dokumento aki?<\/strong><\/p>\n<p>Departamento di Asuntu P\u00fabliko ta registr\u00e1 susesonan di bida (nasementu, fayesimentu, matrimonio, divorsio, rekonosimentu) den registronan sivil.<br \/>\nBishit\u00e1 e<a href=\"https:\/\/loketdigital.gobiernu.cw\/Loket\/product\/17647edc1b88f006f25e57264ac57a32\" target=\"_blank\" rel=\"noopener noreferrer\"> lenk aki<\/a> pa mas informashon tokante di un akto di nasementu.[\/vc_toggle][vc_toggle title=&#8221;6. Prueba di konbibensia legalis\u00e1 di pareha&#8221;]Den kaso ku bo ta bib\u00e1 ku bo pareha i esaki ta legalmente registr\u00e1, bo mester entrag\u00e1 un prueba ku abo i bo pareha tin kondishonnan pa kompart\u00ed bida huntu. Esaki ta un prueba di konbibensia legalis\u00e1 di pareha.<\/p>\n<p><strong>Unda mi por buska e dokumento aki?<\/strong><\/p>\n<p>Den kaso ku bo ta bib\u00e1 ku bo pareha i esaki ta legalmente registr\u00e1, bo mester entrag\u00e1 un prueba ku abo i bo pareha tin kondishonnan pa kompart\u00ed bida huntu. Esaki ta un prueba di konbibensia legalis\u00e1 di pareha.[\/vc_toggle][vc_toggle title=&#8221;7. Akto di divorsio + veredikto&#8221;]Den kaso ku bo a divorsi\u00e1, bo mester entrag\u00e1 un prueba di esaki den forma di un akto di divorsio. Alabes lo bo mester entrag\u00e1 e veredikto kual ta refleh\u00e1 e desishon di korte relashon\u00e1 na e divorsio.<\/p>\n<p><strong>Unda mi por buska e dokumento aki?<\/strong><\/p>\n<p>Departamento di Asuntu P\u00fabliko ta registr\u00e1 susesonan di bida (nasementu, fayesimentu, matrimonio, divorsio, rekonosimentu) den registronan sivil.<br \/>\nBishit\u00e1 e <a href=\"https:\/\/loketdigital.gobiernu.cw\/Loket\/product\/17647edc1b88f006f25e57264ac57a322\" target=\"_blank\" rel=\"noopener noreferrer\">lenk aki<\/a> pa mas informashon tokante di un akto di divorsio.[\/vc_toggle][vc_toggle title=&#8221;8. Prueba di divorsio di konbibensia legalis\u00e1 di pareha + veredikto&#8221;]Den kaso ku bo tabata bib\u00e1 ku bo pareha i esaki tabata legalmente registr\u00e1, pero e relashon a termin\u00e1, bo mester entreg\u00e1 un prueba ku abo i bo pareha a anul\u00e1 e kondishonnan pa kompart\u00e1 bida ku otro. Esaki ta un prueba di divorsio di konbibensia legalis\u00e1 di pareha. Alabes lo bo mester entreg\u00e1 e veredikto kual ta refleh\u00e1 e desishon di korte relashon\u00e1 na e divorsio di konbibensia legalis\u00e1 di pareha.<\/p>\n<p><strong>Unda mi por buska e dokumento aki?<\/strong><\/p>\n<p>E Prueba di konbibensia legalis\u00e1 di pareha (i divorsio) ta un dokumento produs\u00ed pa un notario. Si a kaso bo no tin un kopia propio di e dokumento aki, tuma kontakto ku e ofisina di e notario i pidi un kopia.[\/vc_toggle][vc_toggle title=&#8221;9. K\u00f2ntrakt di trabou&#8221;]Bo tin un trabou? Den e kaso aki bo mester entreg\u00e1 prueba den forma di un k\u00f2ntrakt di trabou pa demostr\u00e1 bo relashon laboral aktual.<\/p>\n<p><strong>Unda mi por buska e dokumento aki?<\/strong><\/p>\n<p>Si bo no tin un kopia original di bo k\u00f2ntrakt di trabou, bo por hasi un petishon pa un kopia di esaki na e departamentu di rekurso humano di e kompania kaminda bo ta traha of serka bo do\u00f1o di trabou.[\/vc_toggle][vc_toggle title=&#8221;10. Karta di retiro i slep di salario&#8221;]Bo a p\u00e8rde trabou? Den e kaso aki bo mester entreg\u00e1 prueba ku e kombenio entre bo do\u00f1o di trabou i abo komo empleado a yega na un final. Alabes e karta mester refleh\u00e1 motibu pa kual e kombenio a yega na un final. Tambe bo mester entreg\u00e1 bo dos (2) \u00faltimo slep di salario komo prueba di e montante di s\u00e8n ku bo a bai kas kun\u2019e despues di retiru.<\/p>\n<p><strong>Unda mi por buska e dokumento aki?<\/strong><\/p>\n<p>Si bo no tin un kopia original di bo karta di retiru i dos \u00faltimo slep di salario, bo por hasi un petishon pa un kopia di esakinan na e departamentu di rekurso humano di e kompania kaminda bo tabata traha of bo \u00e8ks do\u00f1o di trabou.[\/vc_toggle][vc_toggle title=&#8221;11. Diagnostiko m\u00e9diko ku bo no por traha&#8221;]A keda konstat\u00e1 ku bo no por traha mas pa un \u00f2f otro motibu? Bo mester entreg\u00e1 diagn\u00f3stiko m\u00e9diko komo prueba di bo kondishon di sal\u00fa f\u00edsiko \u00f2f mental kual ta pone ku bo no por traha. Esaki por ta karta di un spesialista m\u00e9diko, un sik\u00f3logo of un sikiatra.<\/p>\n<p><strong>Unda mi por buska e dokumento aki?<\/strong><\/p>\n<p>Tuma kontakto ku ofisina di bo spesialista m\u00e9diko, sik\u00f3logo \u00f2f sikiatra ku e petishon pa risib\u00ed un karta ku ta refleh\u00e1 bo kondishon di sal\u00fa f\u00edsiko \u00f2f mental i ta menshon\u00e1 ku pa e motibu ei bo no por traha.[\/vc_toggle][vc_toggle title=&#8221;12. Kartanan di solisitut&#8221;]\u00d2nderstant ta un yudansa finansiero temporal, pues ta importante pa bo sigui mobilis\u00e1 pa buksa trabou. Komo prueba ku bo ta aktivamente buskando trabou bo por entreg\u00e1 bo karta(nan) di solisitut. Tuma nota: esaki no ta obligatorio.<\/p>\n<p><strong>Unda mi por buska e dokumento aki?<\/strong><\/p>\n<p>Karta di solisitut ta algu ku bo mes por traha \u00f2f bo por pidi yudansa den bo s\u00edrkulo di amigu i\/o famia. Tambe Ministerio di SOAW sa ofrese kurso pa si\u00f1a traha bo karta di solisitut. Pa mas informashon, tuma kontakto ku bo kas di bario. <a href=\"#\">Klek aki<\/a>.[\/vc_toggle][vc_toggle title=&#8221;13. Statement di Banko&#8221;]Bo tin kuenta koriente of di spar na banko. Den e kaso aki bo mester entreg\u00e1 un kopia di bo dos (2) \u00faltimo statement di e kuenta(nan) komo prueba di e saldo di bo kuenta(nan) bankario.<\/p>\n<p><strong>Unda mi por buska e dokumento aki?<\/strong><\/p>\n<p>Pa un kopia di e statement di bo kuenta(nan) di banko, bo por akud\u00ed na bo banko(nan).[\/vc_toggle][vc_toggle title=&#8221;14. Kontrakt di h\u00fcr i preuba di pago&#8221;]Bo ta h\u00fcr kas serka Fundashon Kas Popular (FKP) \u00f2f bo ta h\u00fcr kas serka un propietario partikulir? Komo prueba di esaki bo mester entrag\u00e1 un kopia di bo k\u00f2ntrakt di h\u00fcr i prueba di pago mensual.<\/p>\n<p><strong>Unda mi por buska e dokumento aki?<\/strong><\/p>\n<p>Si bo no tin un kopia di bo k\u00f2ntrakt di h\u00fcr, bo por akud\u00ed na FKP (Si bo ta h\u00fcr serka FKP) \u00f2f e do\u00f1o di kas (kaminda bo ta biba) pa un kopia.[\/vc_toggle][vc_toggle title=&#8221;15. Karn\u00e8t\/slep di penshun di vuida(o) i huerfano&#8221;]Bo ta risib\u00ed penshun di vuida(o) of hu\u00e9rfano? Komo prueba di esaki, bo mester entrag\u00e1 un kopia di bo karn\u00e8t di AWW.<\/p>\n<p><strong>Unda mi por buska e dokumentonan aki?<\/strong><\/p>\n<p>Penshun di vuida(o) of hu\u00e9rfano ta un produkto di Banko di Seguro Sosial (SVB).<br \/>\nPa mas informashon bishit\u00e1 e w\u00e8psait di SVB. <a href=\"https:\/\/svbcur.org\/wetten\/aww\/\" target=\"_blank\" rel=\"noopener noreferrer\">Klek aki<\/a>.[\/vc_toggle][\/vc_column_inner][\/vc_row_inner][vc_row_inner][vc_column_inner][\/vc_column_inner][\/vc_row_inner][\/vc_tta_section][\/vc_tta_tabs][\/vc_column][\/vc_row]<\/p>\n","protected":false},"excerpt":{"rendered":"<p>[vc_row wrap_container=&#8221;yes&#8221; is_section=&#8221;yes&#8221; section_skin=&#8221;parallax&#8221; remove_margin_top=&#8221;yes&#8221; remove_border=&#8221;yes&#8221;][vc_column][vc_tta_tabs style=&#8221;modern&#8221; shape=&#8221;square&#8221; color=&#8221;pink&#8221; spacing=&#8221;35&#8243; gap=&#8221;35&#8243; alignment=&#8221;center&#8221; active_section=&#8221;1&#8243;][vc_tta_section title=&#8221;Informashon General&#8221; tab_id=&#8221;1606567048633-b9f23a8a-7c9c&#8221;][vc_row_inner][vc_column_inner width=&#8221;1\/2&#8243;][vc_column_text] Informashon General Kosnan no a bai manera bo a planea anto bo mester di yudansa finansiero temporalmente? Gobi\u00e8rnu di K\u00f2rosu ta ofres\u00e9 diferente tipo di sosten. Un di nan ta \u00f2nderstant. Un sosten den forma di s\u00e8n pa [&hellip;]<\/p>\n","protected":false},"author":1,"featured_media":0,"parent":0,"menu_order":0,"comment_status":"closed","ping_status":"closed","template":"","meta":{"footnotes":""},"_links":{"self":[{"href":"https:\/\/www.soaw.cw\/index.php?rest_route=\/wp\/v2\/pages\/6"}],"collection":[{"href":"https:\/\/www.soaw.cw\/index.php?rest_route=\/wp\/v2\/pages"}],"about":[{"href":"https:\/\/www.soaw.cw\/index.php?rest_route=\/wp\/v2\/types\/page"}],"author":[{"embeddable":true,"href":"https:\/\/www.soaw.cw\/index.php?rest_route=\/wp\/v2\/users\/1"}],"replies":[{"embeddable":true,"href":"https:\/\/www.soaw.cw\/index.php?rest_route=%2Fwp%2Fv2%2Fcomments&post=6"}],"version-history":[{"count":6,"href":"https:\/\/www.soaw.cw\/index.php?rest_route=\/wp\/v2\/pages\/6\/revisions"}],"predecessor-version":[{"id":3547,"href":"https:\/\/www.soaw.cw\/index.php?rest_route=\/wp\/v2\/pages\/6\/revisions\/3547"}],"wp:attachment":[{"href":"https:\/\/www.soaw.cw\/index.php?rest_route=%2Fwp%2Fv2%2Fmedia&parent=6"}],"curies":[{"name":"wp","href":"https:\/\/api.w.org\/{rel}","templated":true}]}}